{"id":787,"date":"2016-11-19T10:27:41","date_gmt":"2016-11-19T08:27:41","guid":{"rendered":"http:\/\/sykle.de\/?page_id=787"},"modified":"2016-11-19T11:41:42","modified_gmt":"2016-11-19T09:41:42","slug":"ueber-uns-16","status":"publish","type":"page","link":"https:\/\/sykle.de\/?page_id=787","title":{"rendered":"\u00dcber uns \u00b416"},"content":{"rendered":"<p>Nach dem tollen Erlebnis 2014 mit Nikolaus auf der Radtour auf dem Tandem vom Nordkap nach Oslo war klar, dass auch Peik zu seiner Konfirmation am 28.05.2016 eine Erlebnistour geschenkt bekommt. Die Frage war nur: wohin und womit?<\/p>\n<p>Eine Wiederholung der Radtour vom Nordkap nach Oslo schliessen wir ziemlich schnell aus, es soll eine einmalige Sache und keine Kopie werden. Eine Radtour mit anderem Ziel? Keine Radtour, sondern etwas anderes? Peiks grosse Leidenschaft ist das Sammeln von Insekten (haupts\u00e4chlich Schmetterlinge). Also entschliessen wir uns irgendwann f\u00fcr eine Wanderung, w\u00e4hrend der Peik dann Schmetterlinge sammeln kann. Bei der Auswahl der Strecke tun wir uns lange schwer. Wir haben nur 19 Tage Zeit, das ist eigentlich die einzige Rahmenbedingung. Aber wo? Eine Idee ist der Pilgerweg von Oslo nach Trondheim (inspiriert durch die 2 Wandersleute, die ich 2014 auf der Tandemtour getroffen hatte), aber der dauert etwa 40 Tage. Sp\u00e4ter einsteigen oder fr\u00fcher aussteigen? Irgendwann kam die Idee auf, \u00fcber die Alpen zu wandern. Nach einigen Recherchen liegt irgendwann das Buch &#8222;Traumpfad M\u00fcnchen-Venedig&#8220; auf meinem Schreibtisch. Nett, mit Wegbeschreibungen und Karten in Tagesetappen aufgeteilt, je Etappe ca. 5 Seiten. <\/p>\n<p>Da die ganze Tour mit 28 Tagen immer noch zu lang ist, beschliessen wir, uns auf die Berge zu konzentrieren, was in 20 Tagen zu schaffen sein soll. Wir kaufen noch 5 Blatt Wanderkarten, die die gesamte Strecke von gut 300km abdecken, werden Mitglied im Deutschen Alpenverein, leihen uns einiges an Ausr\u00fcstung zusammen, und machen uns sonst g\u00e4nzlich unvorbereitet auf den Weg, nachdem wie in Karlsruhe noch meinen 50. Geburtstag gefeiert haben.<\/p>\n","protected":false},"excerpt":{"rendered":"<p>Nach dem tollen Erlebnis 2014 mit Nikolaus auf der Radtour auf dem Tandem vom Nordkap nach Oslo war klar, dass auch Peik zu seiner Konfirmation am 28.05.2016 eine Erlebnistour geschenkt bekommt. Die Frage war nur: wohin und womit? Eine Wiederholung &hellip; <a href=\"https:\/\/sykle.de\/?page_id=787\">Weiterlesen <span class=\"meta-nav\">&rarr;<\/span><\/a><\/p>\n","protected":false},"author":1,"featured_media":0,"parent":0,"menu_order":0,"comment_status":"open","ping_status":"open","template":"","meta":{"footnotes":""},"class_list":["post-787","page","type-page","status-publish","hentry"],"_links":{"self":[{"href":"https:\/\/sykle.de\/index.php?rest_route=\/wp\/v2\/pages\/787"}],"collection":[{"href":"https:\/\/sykle.de\/index.php?rest_route=\/wp\/v2\/pages"}],"about":[{"href":"https:\/\/sykle.de\/index.php?rest_route=\/wp\/v2\/types\/page"}],"author":[{"embeddable":true,"href":"https:\/\/sykle.de\/index.php?rest_route=\/wp\/v2\/users\/1"}],"replies":[{"embeddable":true,"href":"https:\/\/sykle.de\/index.php?rest_route=%2Fwp%2Fv2%2Fcomments&post=787"}],"version-history":[{"count":5,"href":"https:\/\/sykle.de\/index.php?rest_route=\/wp\/v2\/pages\/787\/revisions"}],"predecessor-version":[{"id":810,"href":"https:\/\/sykle.de\/index.php?rest_route=\/wp\/v2\/pages\/787\/revisions\/810"}],"wp:attachment":[{"href":"https:\/\/sykle.de\/index.php?rest_route=%2Fwp%2Fv2%2Fmedia&parent=787"}],"curies":[{"name":"wp","href":"https:\/\/api.w.org\/{rel}","templated":true}]}}