{"id":1893,"date":"2024-08-13T18:44:21","date_gmt":"2024-08-13T16:44:21","guid":{"rendered":"https:\/\/sykle.de\/?page_id=1893"},"modified":"2024-08-13T18:44:21","modified_gmt":"2024-08-13T16:44:21","slug":"route-24","status":"publish","type":"page","link":"https:\/\/sykle.de\/?page_id=1893","title":{"rendered":"Route &#8217;24"},"content":{"rendered":"\n<p>Wir sind zuerst von Karlsruhe aus in 11 Tagen mit dem Tamdem an die Cote d&#8217;Azur geradelt, genauer gesagt nach Le Grau-du-Roi, etwas s\u00fcd\u00f6stlich von Montpellier (1.027 km).<\/p>\n\n\n\n<p>Dann haben wir das Tandem, Anh\u00e4nger und Gep\u00e4ck ins Mietauto gepackt und sind damit nach Paris gefahren &#8211; um den Team-Mixed-Wettbewerb im Triathlon bei den Olympischen Spielen anzuschauen.<\/p>\n\n\n\n<p>Anschliessend sind wir wieder mit dem Tandem von Paris zur\u00fcck nach Karlsruhe geradelt (ca. 530 km und ca. 70 km mit dem Zug).<\/p>\n\n\n\n<p>Die gesamte Tour (inkl. Autofahrt) in europ\u00e4ischer Perspektive:<\/p>\n\n\n\n<figure class=\"wp-block-image size-full\"><a href=\"https:\/\/sykle.de\/wp-content\/uploads\/2024\/08\/Screenshot-2024-08-13-at-18.26.48.png\"><img loading=\"lazy\" decoding=\"async\" width=\"700\" height=\"846\" src=\"https:\/\/sykle.de\/wp-content\/uploads\/2024\/08\/Screenshot-2024-08-13-at-18.26.48.png\" alt=\"\" class=\"wp-image-1894\" srcset=\"https:\/\/sykle.de\/wp-content\/uploads\/2024\/08\/Screenshot-2024-08-13-at-18.26.48.png 700w, https:\/\/sykle.de\/wp-content\/uploads\/2024\/08\/Screenshot-2024-08-13-at-18.26.48-248x300.png 248w\" sizes=\"(max-width: 700px) 100vw, 700px\" \/><\/a><\/figure>\n\n\n\n<p>Nur die Radstrecke in s\u00fcdeurop\u00e4ischer Perspektive:<\/p>\n\n\n\n<figure class=\"wp-block-image size-large\"><a href=\"https:\/\/sykle.de\/wp-content\/uploads\/2024\/08\/Screenshot-2024-08-13-at-18.28.47.png\"><img loading=\"lazy\" decoding=\"async\" width=\"1024\" height=\"664\" src=\"https:\/\/sykle.de\/wp-content\/uploads\/2024\/08\/Screenshot-2024-08-13-at-18.28.47-1024x664.png\" alt=\"\" class=\"wp-image-1895\" srcset=\"https:\/\/sykle.de\/wp-content\/uploads\/2024\/08\/Screenshot-2024-08-13-at-18.28.47-1024x664.png 1024w, https:\/\/sykle.de\/wp-content\/uploads\/2024\/08\/Screenshot-2024-08-13-at-18.28.47-300x195.png 300w, https:\/\/sykle.de\/wp-content\/uploads\/2024\/08\/Screenshot-2024-08-13-at-18.28.47-768x498.png 768w, https:\/\/sykle.de\/wp-content\/uploads\/2024\/08\/Screenshot-2024-08-13-at-18.28.47-1536x996.png 1536w, https:\/\/sykle.de\/wp-content\/uploads\/2024\/08\/Screenshot-2024-08-13-at-18.28.47-462x300.png 462w, https:\/\/sykle.de\/wp-content\/uploads\/2024\/08\/Screenshot-2024-08-13-at-18.28.47.png 1668w\" sizes=\"(max-width: 1024px) 100vw, 1024px\" \/><\/a><\/figure>\n\n\n\n<p>Der letzte Teil der Radstrecke von Lyon ans Mittelmeer.<\/p>\n\n\n\n<figure class=\"wp-block-image size-large\"><a href=\"https:\/\/sykle.de\/wp-content\/uploads\/2024\/08\/Screenshot-2024-08-13-at-18.29.53.png\"><img loading=\"lazy\" decoding=\"async\" width=\"1024\" height=\"657\" src=\"https:\/\/sykle.de\/wp-content\/uploads\/2024\/08\/Screenshot-2024-08-13-at-18.29.53-1024x657.png\" alt=\"\" class=\"wp-image-1896\" srcset=\"https:\/\/sykle.de\/wp-content\/uploads\/2024\/08\/Screenshot-2024-08-13-at-18.29.53-1024x657.png 1024w, https:\/\/sykle.de\/wp-content\/uploads\/2024\/08\/Screenshot-2024-08-13-at-18.29.53-300x192.png 300w, https:\/\/sykle.de\/wp-content\/uploads\/2024\/08\/Screenshot-2024-08-13-at-18.29.53-768x492.png 768w, https:\/\/sykle.de\/wp-content\/uploads\/2024\/08\/Screenshot-2024-08-13-at-18.29.53-1536x985.png 1536w, https:\/\/sykle.de\/wp-content\/uploads\/2024\/08\/Screenshot-2024-08-13-at-18.29.53-468x300.png 468w, https:\/\/sykle.de\/wp-content\/uploads\/2024\/08\/Screenshot-2024-08-13-at-18.29.53.png 1678w\" sizes=\"(max-width: 1024px) 100vw, 1024px\" \/><\/a><\/figure>\n\n\n\n<p>Detailkarte, wo genau wir aus Mittelmeer getroffen sind: in La Grau-Du-Roi<\/p>\n\n\n\n<figure class=\"wp-block-image size-large\"><a href=\"https:\/\/sykle.de\/wp-content\/uploads\/2024\/08\/Screenshot-2024-08-13-at-18.30.22.png\"><img loading=\"lazy\" decoding=\"async\" width=\"1024\" height=\"836\" src=\"https:\/\/sykle.de\/wp-content\/uploads\/2024\/08\/Screenshot-2024-08-13-at-18.30.22-1024x836.png\" alt=\"\" class=\"wp-image-1897\" srcset=\"https:\/\/sykle.de\/wp-content\/uploads\/2024\/08\/Screenshot-2024-08-13-at-18.30.22-1024x836.png 1024w, https:\/\/sykle.de\/wp-content\/uploads\/2024\/08\/Screenshot-2024-08-13-at-18.30.22-300x245.png 300w, https:\/\/sykle.de\/wp-content\/uploads\/2024\/08\/Screenshot-2024-08-13-at-18.30.22-768x627.png 768w, https:\/\/sykle.de\/wp-content\/uploads\/2024\/08\/Screenshot-2024-08-13-at-18.30.22-367x300.png 367w, https:\/\/sykle.de\/wp-content\/uploads\/2024\/08\/Screenshot-2024-08-13-at-18.30.22.png 1352w\" sizes=\"(max-width: 1024px) 100vw, 1024px\" \/><\/a><\/figure>\n","protected":false},"excerpt":{"rendered":"<p>Wir sind zuerst von Karlsruhe aus in 11 Tagen mit dem Tamdem an die Cote d&#8217;Azur geradelt, genauer gesagt nach Le Grau-du-Roi, etwas s\u00fcd\u00f6stlich von Montpellier (1.027 km). Dann haben wir das Tandem, Anh\u00e4nger und Gep\u00e4ck ins Mietauto gepackt und &hellip; <a href=\"https:\/\/sykle.de\/?page_id=1893\">Weiterlesen <span class=\"meta-nav\">&rarr;<\/span><\/a><\/p>\n","protected":false},"author":1,"featured_media":0,"parent":0,"menu_order":0,"comment_status":"closed","ping_status":"closed","template":"","meta":{"footnotes":""},"class_list":["post-1893","page","type-page","status-publish","hentry"],"_links":{"self":[{"href":"https:\/\/sykle.de\/index.php?rest_route=\/wp\/v2\/pages\/1893"}],"collection":[{"href":"https:\/\/sykle.de\/index.php?rest_route=\/wp\/v2\/pages"}],"about":[{"href":"https:\/\/sykle.de\/index.php?rest_route=\/wp\/v2\/types\/page"}],"author":[{"embeddable":true,"href":"https:\/\/sykle.de\/index.php?rest_route=\/wp\/v2\/users\/1"}],"replies":[{"embeddable":true,"href":"https:\/\/sykle.de\/index.php?rest_route=%2Fwp%2Fv2%2Fcomments&post=1893"}],"version-history":[{"count":1,"href":"https:\/\/sykle.de\/index.php?rest_route=\/wp\/v2\/pages\/1893\/revisions"}],"predecessor-version":[{"id":1898,"href":"https:\/\/sykle.de\/index.php?rest_route=\/wp\/v2\/pages\/1893\/revisions\/1898"}],"wp:attachment":[{"href":"https:\/\/sykle.de\/index.php?rest_route=%2Fwp%2Fv2%2Fmedia&parent=1893"}],"curies":[{"name":"wp","href":"https:\/\/api.w.org\/{rel}","templated":true}]}}