{"id":1862,"date":"2024-08-13T00:02:45","date_gmt":"2024-08-12T22:02:45","guid":{"rendered":"https:\/\/sykle.de\/?page_id=1862"},"modified":"2024-08-13T00:02:45","modified_gmt":"2024-08-12T22:02:45","slug":"ueber-uns-24","status":"publish","type":"page","link":"https:\/\/sykle.de\/?page_id=1862","title":{"rendered":"\u00dcber uns &#8217;24"},"content":{"rendered":"\n<p>Alle guten Dinge sind drei und nat\u00fcrlich darf man, wenn man drei Kids hat, und sich alle konfirmieren lassen, auch drei Konfirmationsreisen durchf\u00fchren. Der dritte Konfirmanden war Mikkel, und als er sich 2023 entschied, seine letzten beiden Jahre in Armenien zur Schule zu gehen, reifte die Idee, ihn nach dem Sommerferien zum Start des zweiten Jahren mit dem Fahrrad nach Armenien zu bringen. <\/p>\n\n\n\n<p>Aus unterschiedlichen Gr\u00fcnden entschied sich Mikkel aber daf\u00fcr, das letzte Schuljahr doch wieder auf seine alte Schule in Oslo zu gehen und Armenien als Ziel f\u00fcr eine Radtour fiel flach. Was tun? Mikkel wollte weiterhin radeln und als ich die Idee unterbreitete, von Karlsruhe aus ans Mittelmeer zu radeln, dort zu baden, und anschliessend wieder nach Karlsruhe zur\u00fcck zu radeln fand Mikkel die Idee sofort klasse. <\/p>\n\n\n\n<p>Rechtzeitig zum Schulbeginn am 19. August mussten wir zur\u00fcck in Oslo sein, so dass wir das Wochenende um den 19.\/20. Juli als Starttermin bestimmt haben. <\/p>\n\n\n\n<p>Die ersten 15 km von Karlsruhe fahren wir noch in Deutschland, aber schon bald wird es eine Radtour durch Frankreich, deshalb taufen wir unser Abenteuer auch Tour de France &#8211; nicht DIE Tour der France, aber unsere Tour de France.<\/p>\n\n\n\n<p>Wenn ihr Euch Zeit nehmt, den kompletten Reisebericht zu lesen, k\u00f6nnt ihr sehen, dass sich unsere Pl\u00e4ne unterwegs nochmals ge\u00e4ndert haben. Wie geplant sind wir mit dem Tandem ans Mittelmeer gefahren, dann aber &#8230; lest selbst! Viel Spa\u00df!<\/p>\n","protected":false},"excerpt":{"rendered":"<p>Alle guten Dinge sind drei und nat\u00fcrlich darf man, wenn man drei Kids hat, und sich alle konfirmieren lassen, auch drei Konfirmationsreisen durchf\u00fchren. Der dritte Konfirmanden war Mikkel, und als er sich 2023 entschied, seine letzten beiden Jahre in Armenien &hellip; <a href=\"https:\/\/sykle.de\/?page_id=1862\">Weiterlesen <span class=\"meta-nav\">&rarr;<\/span><\/a><\/p>\n","protected":false},"author":1,"featured_media":0,"parent":0,"menu_order":0,"comment_status":"closed","ping_status":"closed","template":"","meta":{"footnotes":""},"class_list":["post-1862","page","type-page","status-publish","hentry"],"_links":{"self":[{"href":"https:\/\/sykle.de\/index.php?rest_route=\/wp\/v2\/pages\/1862"}],"collection":[{"href":"https:\/\/sykle.de\/index.php?rest_route=\/wp\/v2\/pages"}],"about":[{"href":"https:\/\/sykle.de\/index.php?rest_route=\/wp\/v2\/types\/page"}],"author":[{"embeddable":true,"href":"https:\/\/sykle.de\/index.php?rest_route=\/wp\/v2\/users\/1"}],"replies":[{"embeddable":true,"href":"https:\/\/sykle.de\/index.php?rest_route=%2Fwp%2Fv2%2Fcomments&post=1862"}],"version-history":[{"count":1,"href":"https:\/\/sykle.de\/index.php?rest_route=\/wp\/v2\/pages\/1862\/revisions"}],"predecessor-version":[{"id":1863,"href":"https:\/\/sykle.de\/index.php?rest_route=\/wp\/v2\/pages\/1862\/revisions\/1863"}],"wp:attachment":[{"href":"https:\/\/sykle.de\/index.php?rest_route=%2Fwp%2Fv2%2Fmedia&parent=1862"}],"curies":[{"name":"wp","href":"https:\/\/api.w.org\/{rel}","templated":true}]}}