{"id":446,"date":"2014-07-26T09:33:09","date_gmt":"2014-07-26T07:33:09","guid":{"rendered":"http:\/\/sykle.de\/?page_id=446"},"modified":"2016-11-19T10:25:39","modified_gmt":"2016-11-19T08:25:39","slug":"route","status":"publish","type":"page","link":"http:\/\/sykle.de\/?page_id=446","title":{"rendered":"Route \u00b414"},"content":{"rendered":"<div id=\"attachment_444\" style=\"width: 225px\" class=\"wp-caption alignnone\"><a href=\"http:\/\/sykle.de\/wp-content\/uploads\/2014\/07\/Screen-shot-2014-07-26-at-09.03.01.png\"><img loading=\"lazy\" decoding=\"async\" aria-describedby=\"caption-attachment-444\" class=\"size-medium wp-image-444\" alt=\"Overview cycle route. \u00dcberblick der Route.\" src=\"http:\/\/sykle.de\/wp-content\/uploads\/2014\/07\/Screen-shot-2014-07-26-at-09.03.01-215x300.png\" width=\"215\" height=\"300\" srcset=\"http:\/\/sykle.de\/wp-content\/uploads\/2014\/07\/Screen-shot-2014-07-26-at-09.03.01-215x300.png 215w, http:\/\/sykle.de\/wp-content\/uploads\/2014\/07\/Screen-shot-2014-07-26-at-09.03.01.png 604w\" sizes=\"(max-width: 215px) 100vw, 215px\" \/><\/a><p id=\"caption-attachment-444\" class=\"wp-caption-text\">Overview cycle route.<br \/>\u00dcberblick der Route.<\/p><\/div>\n<p>W\u00e4hrend der 3 Ruhetage mussten wir &#8211; denn wir hatten nur etwas mehr als 3 Wochen Zeit \u00a0und Tagesleistungen von weit mehr als 100 km waren unrealistisch &#8211; 3 Teilst\u00fccke mit dem Schiff fahren. Dies waren:<\/p>\n<ol>\n<li>Trons\u00f8 &#8211; Finnsnes (etwa 80 km)<\/li>\n<li>Bod\u00f8 &#8211; \u00d8rnes (etwa 100 km)<\/li>\n<li>R\u00f8rvik &#8211; Trondheim (etwa 250 km)<\/li>\n<\/ol>\n<p>Rechnet man dies zu unseren gefahrenen 1770 km dazu, ist die Gesamtstrecke Nordkapp &#8211; Oslo rund 2230 km lang. Dies ist nat\u00fcrlich abh\u00e4nigig von der Streckenf\u00fchrung. Will man die k\u00fcrzeste Verbindung, mu\u00df man sich die Strassen mit vielen Autos teilen. Wir wollten den &#8222;sch\u00f6nsten&#8220; Weg, m\u00f6glichst wenig Autos, daf\u00fcr automatisch &#8222;Umwege&#8220; (und &#8211; viel anstrengender &#8211; H\u00f6henmeter).<\/p>\n<p>Abschnitt 1: Nordnorwegen bis Troms\u00f8<\/p>\n<div id=\"attachment_453\" style=\"width: 310px\" class=\"wp-caption alignnone\"><a href=\"http:\/\/sykle.de\/wp-content\/uploads\/2014\/07\/Screen-shot-2014-07-26-at-08.58.10.png\"><img loading=\"lazy\" decoding=\"async\" aria-describedby=\"caption-attachment-453\" class=\"size-medium wp-image-453\" alt=\"Part 1: Nothern Norway until Troms\u00f8. Teil 1: Nordnorwegen bis Troms\u00f8.\" src=\"http:\/\/sykle.de\/wp-content\/uploads\/2014\/07\/Screen-shot-2014-07-26-at-08.58.10-300x210.png\" width=\"300\" height=\"210\" srcset=\"http:\/\/sykle.de\/wp-content\/uploads\/2014\/07\/Screen-shot-2014-07-26-at-08.58.10-300x210.png 300w, http:\/\/sykle.de\/wp-content\/uploads\/2014\/07\/Screen-shot-2014-07-26-at-08.58.10-428x300.png 428w, http:\/\/sykle.de\/wp-content\/uploads\/2014\/07\/Screen-shot-2014-07-26-at-08.58.10.png 834w\" sizes=\"(max-width: 300px) 100vw, 300px\" \/><\/a><p id=\"caption-attachment-453\" class=\"wp-caption-text\">Part 1: Nothern Norway until Troms\u00f8.<br \/>Teil 1: Nordnorwegen bis Troms\u00f8.<\/p><\/div>\n<p>Abschnitt 2: Senjaland, Vester\u00e5len und Lofoten<\/p>\n<div id=\"attachment_452\" style=\"width: 310px\" class=\"wp-caption alignnone\"><a href=\"http:\/\/sykle.de\/wp-content\/uploads\/2014\/07\/Screen-shot-2014-07-26-at-09.00.44.png\"><img loading=\"lazy\" decoding=\"async\" aria-describedby=\"caption-attachment-452\" class=\"size-medium wp-image-452\" alt=\"Part 2: Senjaland, Vester\u00e5len and Lofoten. Teil 2: Senjaland, Vester\u00e5len und Lofoten.\" src=\"http:\/\/sykle.de\/wp-content\/uploads\/2014\/07\/Screen-shot-2014-07-26-at-09.00.44-300x225.png\" width=\"300\" height=\"225\" srcset=\"http:\/\/sykle.de\/wp-content\/uploads\/2014\/07\/Screen-shot-2014-07-26-at-09.00.44-300x225.png 300w, http:\/\/sykle.de\/wp-content\/uploads\/2014\/07\/Screen-shot-2014-07-26-at-09.00.44-1024x771.png 1024w, http:\/\/sykle.de\/wp-content\/uploads\/2014\/07\/Screen-shot-2014-07-26-at-09.00.44-398x300.png 398w, http:\/\/sykle.de\/wp-content\/uploads\/2014\/07\/Screen-shot-2014-07-26-at-09.00.44.png 1093w\" sizes=\"(max-width: 300px) 100vw, 300px\" \/><\/a><p id=\"caption-attachment-452\" class=\"wp-caption-text\">Part 2: Senjaland, Vester\u00e5len and Lofoten.<br \/>Teil 2: Senjaland, Vester\u00e5len und Lofoten.<\/p><\/div>\n<p>Abschnitt 3: Kyststiveien<\/p>\n<div id=\"attachment_455\" style=\"width: 255px\" class=\"wp-caption alignnone\"><a href=\"http:\/\/sykle.de\/wp-content\/uploads\/2014\/07\/Screen-shot-2014-07-26-at-09.42.36.png\"><img loading=\"lazy\" decoding=\"async\" aria-describedby=\"caption-attachment-455\" class=\"size-medium wp-image-455\" alt=\"Part 3: Kyststiveien Teil 3: K\u00fcstenstrasse\" src=\"http:\/\/sykle.de\/wp-content\/uploads\/2014\/07\/Screen-shot-2014-07-26-at-09.42.36-245x300.png\" width=\"245\" height=\"300\" srcset=\"http:\/\/sykle.de\/wp-content\/uploads\/2014\/07\/Screen-shot-2014-07-26-at-09.42.36-245x300.png 245w, http:\/\/sykle.de\/wp-content\/uploads\/2014\/07\/Screen-shot-2014-07-26-at-09.42.36.png 569w\" sizes=\"(max-width: 245px) 100vw, 245px\" \/><\/a><p id=\"caption-attachment-455\" class=\"wp-caption-text\">Part 3: Kyststiveien<br \/>Teil 3: K\u00fcstenstrasse<\/p><\/div>\n<p>Abschnitt 4: Trondheim -Oslo<\/p>\n<div id=\"attachment_451\" style=\"width: 310px\" class=\"wp-caption alignnone\"><a href=\"http:\/\/sykle.de\/wp-content\/uploads\/2014\/07\/Screen-shot-2014-07-26-at-09.02.41.png\"><img loading=\"lazy\" decoding=\"async\" aria-describedby=\"caption-attachment-451\" class=\"size-medium wp-image-451\" alt=\"Part 4: Trondheim - Oslo Teil 4: Trondheim - Oslo\" src=\"http:\/\/sykle.de\/wp-content\/uploads\/2014\/07\/Screen-shot-2014-07-26-at-09.02.41-300x300.png\" width=\"300\" height=\"300\" srcset=\"http:\/\/sykle.de\/wp-content\/uploads\/2014\/07\/Screen-shot-2014-07-26-at-09.02.41-300x300.png 300w, http:\/\/sykle.de\/wp-content\/uploads\/2014\/07\/Screen-shot-2014-07-26-at-09.02.41-150x150.png 150w, http:\/\/sykle.de\/wp-content\/uploads\/2014\/07\/Screen-shot-2014-07-26-at-09.02.41-299x300.png 299w, http:\/\/sykle.de\/wp-content\/uploads\/2014\/07\/Screen-shot-2014-07-26-at-09.02.41.png 838w\" sizes=\"(max-width: 300px) 100vw, 300px\" \/><\/a><p id=\"caption-attachment-451\" class=\"wp-caption-text\">Part 4: Trondheim &#8211; Oslo<br \/>Teil 4: Trondheim &#8211; Oslo<\/p><\/div>\n","protected":false},"excerpt":{"rendered":"<p>W\u00e4hrend der 3 Ruhetage mussten wir &#8211; denn wir hatten nur etwas mehr als 3 Wochen Zeit \u00a0und Tagesleistungen von weit mehr als 100 km waren unrealistisch &#8211; 3 Teilst\u00fccke mit dem Schiff fahren. Dies waren: Trons\u00f8 &#8211; Finnsnes (etwa &hellip; <a href=\"http:\/\/sykle.de\/?page_id=446\">Weiterlesen <span class=\"meta-nav\">&rarr;<\/span><\/a><\/p>\n","protected":false},"author":1,"featured_media":0,"parent":0,"menu_order":0,"comment_status":"open","ping_status":"open","template":"","meta":{"footnotes":""},"class_list":["post-446","page","type-page","status-publish","hentry"],"_links":{"self":[{"href":"http:\/\/sykle.de\/index.php?rest_route=\/wp\/v2\/pages\/446"}],"collection":[{"href":"http:\/\/sykle.de\/index.php?rest_route=\/wp\/v2\/pages"}],"about":[{"href":"http:\/\/sykle.de\/index.php?rest_route=\/wp\/v2\/types\/page"}],"author":[{"embeddable":true,"href":"http:\/\/sykle.de\/index.php?rest_route=\/wp\/v2\/users\/1"}],"replies":[{"embeddable":true,"href":"http:\/\/sykle.de\/index.php?rest_route=%2Fwp%2Fv2%2Fcomments&post=446"}],"version-history":[{"count":6,"href":"http:\/\/sykle.de\/index.php?rest_route=\/wp\/v2\/pages\/446\/revisions"}],"predecessor-version":[{"id":782,"href":"http:\/\/sykle.de\/index.php?rest_route=\/wp\/v2\/pages\/446\/revisions\/782"}],"wp:attachment":[{"href":"http:\/\/sykle.de\/index.php?rest_route=%2Fwp%2Fv2%2Fmedia&parent=446"}],"curies":[{"name":"wp","href":"https:\/\/api.w.org\/{rel}","templated":true}]}}